{"id":69,"date":"2016-08-31T02:42:34","date_gmt":"2016-08-31T02:42:34","guid":{"rendered":"https:\/\/themify.me\/demo\/themes\/ultra-wedding\/?page_id=7"},"modified":"2023-10-23T14:53:24","modified_gmt":"2023-10-23T14:53:24","slug":"home","status":"publish","type":"page","link":"https:\/\/zaffiroeventos.com.br\/destinationwedding\/","title":{"rendered":"Home"},"content":{"rendered":"<p><\/p>\n<!--themify_builder_content-->\n<div id=\"themify_builder_content-69\" data-postid=\"69\" class=\"themify_builder_content themify_builder_content-69 themify_builder tf_clear\">\n                    <div  data-lazy=\"1\" class=\"module_row themify_builder_row tb_e46977f tb_first tf_w\">\n            <span  class=\"builder_row_cover tf_abs\" data-lazy=\"1\"><\/span>            <div class=\"row_inner col_align_top tb_col_count_1 tf_box tf_rel\">\n                        <div  data-lazy=\"1\" class=\"module_column tb-column col-full tb_f90bd1a first\">\n                    <!-- module text -->\n<div  class=\"module module-text tb_0d0caef   \" data-lazy=\"1\">\n        <div  class=\"tb_text_wrap\">\n        <h1>Wedding &amp; Anivers\u00e1rios<\/h1>    <\/div>\n<\/div>\n<!-- \/module text --><!-- module text -->\n<div  class=\"module module-text tb_1f2ab7e   \" data-lazy=\"1\">\n        <div  class=\"tb_text_wrap\">\n        <h4>Seja um casamento ou um anivers\u00e1rio, voc\u00ea est\u00e1 no lugar certo!<\/h4>    <\/div>\n<\/div>\n<!-- \/module text --><!-- module image -->\n<div  class=\"module module-image tb_03b2319 image-center   tf_mw\" data-lazy=\"1\">\n        <div class=\"image-wrap tf_rel tf_mw\">\n            <img loading=\"lazy\" decoding=\"async\" src=\"https:\/\/zaffiroeventos.com.br\/destinationwedding\/wp-content\/uploads\/2023\/02\/ring-1-22x15.png\" width=\"22\" height=\"15\" class=\"wp-post-image wp-image-7408\" title=\"ring-1\" alt=\"ring-1\">    \n        <\/div>\n    <!-- \/image-wrap -->\n    \n        <\/div>\n<!-- \/module image --><!-- module text -->\n<div  class=\"module module-text tb_841320b   \" data-lazy=\"1\">\n        <div  class=\"tb_text_wrap\">\n        <h4>Quando ser\u00e1 sua data mais importante?<\/h4>    <\/div>\n<\/div>\n<!-- \/module text -->        <\/div>\n                        <\/div>\n        <\/div>\n                        <div  data-anchor=\"story\" data-lazy=\"1\" class=\"module_row themify_builder_row our-story-section tb_has_section tb_section-story tb_dd1357a tf_w\">\n                        <div class=\"row_inner col_align_top tb_col_count_1 tf_box tf_rel\">\n                        <div  data-lazy=\"1\" class=\"module_column tb-column col-full tb_c0c5d17 first\">\n                    <!-- module text -->\n<div  class=\"module module-text tb_4c136bd  repeat \" data-lazy=\"1\">\n        <div  class=\"tb_text_wrap\">\n        <h2>W&amp;A<\/h2>\n<h3>Wedding &amp; Anivers\u00e1rios \u00e9 uma atividade que nasceu j\u00e1 h\u00e1 algum tempo e que agora vai ser focalizada no Brasil para os brasileiros!<\/h3>\n<h4 style=\"text-align: center;\">Elopement &#8211; Mini Wedding &#8211; Wedding<\/h4>\n<h6>Trabalhamos para fazer um servi\u00e7o simples, flu\u00eddo, agrad\u00e1vel e, sobretudo, altamente profissional.<br>Um <em>Destination Wedding \u00e9<\/em>\u00a0o casamento onde voc\u00ea quiser!<br>N\u00f3s acreditamos tanto neste projeto que decidimos lan\u00e7a-lo exatamente com o nosso pr\u00f3prio casamento.<br>Um anivers\u00e1rio com certeza \u00e9 uma data importante, que tal comemor\u00e1-lo com seus queridos em um lugar inesquec\u00edvel? Nosso <em>Destination Anivers\u00e1rio<\/em> \u00e9 o que voc\u00ea procura, \u00e9 o que criamos com exclusividade.<\/h6>\n<h6>Wedding &amp; Anivers\u00e1rios, sua hora \u00e9 agora, entre em contato!<\/h6>    <\/div>\n<\/div>\n<!-- \/module text -->        <\/div>\n                        <\/div>\n        <\/div>\n                        <div  data-lazy=\"1\" class=\"module_row themify_builder_row tb_588ce6b tf_w\">\n                        <div class=\"row_inner col_align_top tb_col_count_1 tf_box tf_rel\">\n                        <div  data-lazy=\"1\" class=\"module_column tb-column col-full tb_500b694 first\">\n                    <!-- module timeline -->\n<div  id=\"tb_1a0ae49\" class=\"module tf_hidden tf_lazy module-timeline tb_1a0ae49 layout-list \" data-lazy=\"1\">\n    <ul class=\"tf_rel\">\n\t\t\t<li id=\"timeline-0\" class=\"timeline-post with-icon \">\n\t\t\t<span class=\"module-timeline-date tf_box tf_textr\">\n\t\t\t\t\t  Primeira Etapa\t\t\t<\/span>\n\t\t\t\t\t\t\t<i class=\"module-timeline-icon\"><svg  class=\"tf_fa tf-far-heart-o\" xmlns:xlink=\"http:\/\/www.w3.org\/1999\/xlink\" aria-hidden=\"true\"><use href=\"#tf-far-heart-o\" xlink:href=\"#tf-far-heart-o\"><\/use><\/svg><\/i>\n\n\t\t\t\t\t\t<div class=\"module-timeline-content-wrap tf_box tf_right\">\n\t\t\t\t<div class=\"module-timeline-content\">\n\t\t\t\t\t\t\t\t\t\t\t<h2 class=\"module-timeline-title\">    \n\t\t\t\t\t\t\t\t\t\t\t\t\t\t\t\t   O que fazer\t\t\t\t\t\t\t   \t\t\t\t\t\t<\/h2>\n\t\t\t\t\t\t\t\t\t\t\t\t\t\t\t\t<figure class=\"module-timeline-image\">\n\t\t\t\t\t\t\t<img loading=\"lazy\" decoding=\"async\" src=\"http:\/\/zaffiroeventos.com.br\/destinationwedding\/wp-content\/uploads\/2015\/03\/B42StArt\u00a9-Verona-03-Wedding-Italia_-2.jpg\" width=\"1200\" height=\"800\" alt=\"O que fazer\">\t\t\t\t\t\t<\/figure>\n\t\t\t\t\t\t\t\t\t\t\t\t\t\t\t\t<div class=\"entry-content\" itemprop=\"articleBody\">\n\t\t\t\t\t\t\t\t <p>Vamos nos encontrar, conte-nos sobre o seu evento, como gostaria de torn\u00e1-lo especial e para quem gostaria de organiz\u00e1-lo.<\/p>\t\t\t\t\t\t<\/div><!-- \/.entry-content -->\n\t\t\t\t\t\t\t\t\t<\/div><!-- \/.timeline-content -->\n\t\t\t<\/div><!-- \/.timeline-content-wrap -->\n\t\t<\/li>\n\t\t\t<li id=\"timeline-1\" class=\"timeline-post with-icon \">\n\t\t\t<span class=\"module-timeline-date tf_box tf_textr\">\n\t\t\t\t\t  Segunda Etapa\t\t\t<\/span>\n\t\t\t\t\t\t\t<i class=\"module-timeline-icon\"><svg  class=\"tf_fa tf-far-heart-o\" xmlns:xlink=\"http:\/\/www.w3.org\/1999\/xlink\" aria-hidden=\"true\"><use href=\"#tf-far-heart-o\" xlink:href=\"#tf-far-heart-o\"><\/use><\/svg><\/i>\n\n\t\t\t\t\t\t<div class=\"module-timeline-content-wrap tf_box tf_right\">\n\t\t\t\t<div class=\"module-timeline-content\">\n\t\t\t\t\t\t\t\t\t\t\t<h2 class=\"module-timeline-title\">    \n\t\t\t\t\t\t\t\t\t\t\t\t\t\t\t\t   Onde e Quando\t\t\t\t\t\t\t   \t\t\t\t\t\t<\/h2>\n\t\t\t\t\t\t\t\t\t\t\t\t\t\t\t\t<figure class=\"module-timeline-image\">\n\t\t\t\t\t\t\t<img loading=\"lazy\" decoding=\"async\" src=\"http:\/\/zaffiroeventos.com.br\/destinationwedding\/wp-content\/uploads\/2021\/03\/Castel-Monastero-Toscana-9.jpg\" width=\"1024\" height=\"768\" alt=\"Onde e Quando\">\t\t\t\t\t\t<\/figure>\n\t\t\t\t\t\t\t\t\t\t\t\t\t\t\t\t<div class=\"entry-content\" itemprop=\"articleBody\">\n\t\t\t\t\t\t\t\t <p>Juntos daremos espa\u00e7o \u00e0 sua imagina\u00e7\u00e3o, descobrindo quais emo\u00e7\u00f5es voc\u00ea gostaria de sentir e faz\u00ea-las sentir. Vamos encontrar o seu local ideal e avaliar quanto tempo vai demorar para organizar tudo. Confie em n\u00f3s!<\/p>\t\t\t\t\t\t<\/div><!-- \/.entry-content -->\n\t\t\t\t\t\t\t\t\t<\/div><!-- \/.timeline-content -->\n\t\t\t<\/div><!-- \/.timeline-content-wrap -->\n\t\t<\/li>\n\t\t\t<li id=\"timeline-2\" class=\"timeline-post with-icon \">\n\t\t\t<span class=\"module-timeline-date tf_box tf_textr\">\n\t\t\t\t\t  Terceira Etapa\t\t\t<\/span>\n\t\t\t\t\t\t\t<i class=\"module-timeline-icon\"><svg  class=\"tf_fa tf-far-heart-o\" xmlns:xlink=\"http:\/\/www.w3.org\/1999\/xlink\" aria-hidden=\"true\"><use href=\"#tf-far-heart-o\" xlink:href=\"#tf-far-heart-o\"><\/use><\/svg><\/i>\n\n\t\t\t\t\t\t<div class=\"module-timeline-content-wrap tf_box tf_right\">\n\t\t\t\t<div class=\"module-timeline-content\">\n\t\t\t\t\t\t\t\t\t\t\t<h2 class=\"module-timeline-title\">    \n\t\t\t\t\t\t\t\t\t\t\t\t\t\t\t\t   Definir o or\u00e7amento\t\t\t\t\t\t\t   \t\t\t\t\t\t<\/h2>\n\t\t\t\t\t\t\t\t\t\t\t\t\t\t\t\t<figure class=\"module-timeline-image\">\n\t\t\t\t\t\t\t<img loading=\"lazy\" decoding=\"async\" src=\"http:\/\/zaffiroeventos.com.br\/destinationwedding\/wp-content\/uploads\/2015\/03\/B42StArt\u00a9-Costa-Amalfitana-Positano-01-Wedding-Italia_-2.jpg\" width=\"1200\" height=\"800\" alt=\"Definir o or\u00e7amento\">\t\t\t\t\t\t<\/figure>\n\t\t\t\t\t\t\t\t\t\t\t\t\t\t\t\t<div class=\"entry-content\" itemprop=\"articleBody\">\n\t\t\t\t\t\t\t\t <p>Mas quanto isso me custa? Costuma-se acreditar que organizar um casamento ou um anivers\u00e1rio importante em um destino especial \u00e9 muito caro, mas n\u00e3o \u00e9, voc\u00ea pode at\u00e9 economizar dinheiro!<\/p>\t\t\t\t\t\t<\/div><!-- \/.entry-content -->\n\t\t\t\t\t\t\t\t\t<\/div><!-- \/.timeline-content -->\n\t\t\t<\/div><!-- \/.timeline-content-wrap -->\n\t\t<\/li>\n\t\t\t<li id=\"timeline-3\" class=\"timeline-post with-icon \">\n\t\t\t<span class=\"module-timeline-date tf_box tf_textr\">\n\t\t\t\t\t  Etapa Final\t\t\t<\/span>\n\t\t\t\t\t\t\t<i class=\"module-timeline-icon\"><svg  class=\"tf_fa tf-far-heart-o\" xmlns:xlink=\"http:\/\/www.w3.org\/1999\/xlink\" aria-hidden=\"true\"><use href=\"#tf-far-heart-o\" xlink:href=\"#tf-far-heart-o\"><\/use><\/svg><\/i>\n\n\t\t\t\t\t\t<div class=\"module-timeline-content-wrap tf_box tf_right\">\n\t\t\t\t<div class=\"module-timeline-content\">\n\t\t\t\t\t\t\t\t\t\t\t<h2 class=\"module-timeline-title\">    \n\t\t\t\t\t\t\t\t\t\t\t\t\t\t\t\t   Seu Evento\t\t\t\t\t\t\t   \t\t\t\t\t\t<\/h2>\n\t\t\t\t\t\t\t\t\t\t\t\t\t\t\t\t<figure class=\"module-timeline-image\">\n\t\t\t\t\t\t\t<img loading=\"lazy\" decoding=\"async\" src=\"http:\/\/zaffiroeventos.com.br\/destinationwedding\/wp-content\/uploads\/2017\/08\/B42StArt\u00a9-Venezia-03-Wedding-Italia_.jpg\" width=\"1200\" height=\"800\" alt=\"Seu Evento\">\t\t\t\t\t\t<\/figure>\n\t\t\t\t\t\t\t\t\t\t\t\t\t\t\t\t<div class=\"entry-content\" itemprop=\"articleBody\">\n\t\t\t\t\t\t\t\t <p>Essa \u00e9 a etapa final, o projeto estar\u00e1 conclu\u00eddo, voc\u00ea saber\u00e1 os prazos e custos para que possa prosseguir com a realiza\u00e7\u00e3o do evento dos seus sonhos! Estaremos sempre ao seu lado em todos os momentos!<\/p>\t\t\t\t\t\t<\/div><!-- \/.entry-content -->\n\t\t\t\t\t\t\t\t\t<\/div><!-- \/.timeline-content -->\n\t\t\t<\/div><!-- \/.timeline-content-wrap -->\n\t\t<\/li>\n\t\t\t<li id=\"timeline-4\" class=\"timeline-post with-icon \">\n\t\t\t<span class=\"module-timeline-date tf_box tf_textr\">\n\t\t\t\t\t  \t\t\t<\/span>\n\t\t\t\t\t\t\t<i class=\"module-timeline-icon\"><svg  class=\"tf_fa tf-far-circle-thin\" xmlns:xlink=\"http:\/\/www.w3.org\/1999\/xlink\" aria-hidden=\"true\"><use href=\"#tf-far-circle-thin\" xlink:href=\"#tf-far-circle-thin\"><\/use><\/svg><\/i>\n\n\t\t\t\t\t\t<div class=\"module-timeline-content-wrap tf_box tf_right\">\n\t\t\t\t<div class=\"module-timeline-content\">\n\t\t\t\t\t\t\t\t\t\t\t\t\t\t\t\t\t\t\t\t\t<div class=\"entry-content\" itemprop=\"articleBody\">\n\t\t\t\t\t\t\t\t \t\t\t\t\t\t<\/div><!-- \/.entry-content -->\n\t\t\t\t\t\t\t\t\t<\/div><!-- \/.timeline-content -->\n\t\t\t<\/div><!-- \/.timeline-content-wrap -->\n\t\t<\/li>\n\t<\/ul><\/div>\n<!-- \/module timeline -->        <\/div>\n                        <\/div>\n        <\/div>\n                        <div  data-anchor=\"ceremony\" data-css_id=\"97e0983\" data-lazy=\"1\" class=\"module_row themify_builder_row ceremony-section fullwidth tb_has_section tb_section-ceremony tb_97e0983 tf_w\">\n                        <div class=\"row_inner col_align_middle gutter-none tb_col_count_2 tf_box tf_rel\">\n                        <div  data-lazy=\"1\" class=\"module_column tb-column col4-2 tb_9bc46f5 first\">\n                            <\/div>\n                    <div  data-lazy=\"1\" class=\"module_column tb-column col4-2 tb_31ca331 last\">\n                    <!-- module text -->\n<div  class=\"module module-text tb_c9983e5   \" data-lazy=\"1\">\n        <div  class=\"tb_text_wrap\">\n        <h1>Wedding &amp; Anivers\u00e1rios<\/h1>    <\/div>\n<\/div>\n<!-- \/module text --><!-- module feature -->\n<div  class=\"module module-feature tb_8b05301 no-chart layout-icon-top size-medium \" data-layout-mobile=\"icon-top\" data-layout-desktop=\"icon-top\" data-lazy=\"1\">\n        <div class=\"module-feature-image tf_textc tf_rel\">\n                            <span class=\"module-feature-chart-html5 tf_box tf_rel tf_inline_b\">\n                                <span class=\"chart-html5-circle tf_w tf_h\">\n                                            <em class=\"module-feature-icon tf_rel\" style=\"color:#ffffff\"><svg  class=\"tf_fa tf-far-calendar-minus-o\" xmlns:xlink=\"http:\/\/www.w3.org\/1999\/xlink\" aria-hidden=\"true\"><use href=\"#tf-far-calendar-minus-o\" xlink:href=\"#tf-far-calendar-minus-o\"><\/use><\/svg><\/em>\n                                    <\/span>\n\n                \n            <\/span>\n                <\/div>\n    <div class=\"module-feature-content tf_textc\">\n                    <h3 class=\"module-feature-title\">\n                            Marcar uma reuni\u00e3o                        <\/h3>\n                    <div class=\"tb_text_wrap\">\n            <p>De segunda a s\u00e1bado somente com agendamento<br \/>Tamb\u00e9m dispon\u00edveis em seu escrit\u00f3rio ou resid\u00eancia<\/p>        <\/div>\n    <\/div>\n<\/div>\n<!-- \/module feature -->\n<!-- module feature -->\n<div  class=\"module module-feature tb_48834d1 no-chart layout-icon-top size-medium \" data-layout-mobile=\"icon-top\" data-layout-desktop=\"icon-top\" data-lazy=\"1\">\n        <div class=\"module-feature-image tf_textc tf_rel\">\n                            <span class=\"module-feature-chart-html5 tf_box tf_rel tf_inline_b\">\n                                <span class=\"chart-html5-circle tf_w tf_h\">\n                                            <em class=\"module-feature-icon tf_rel\" style=\"color:#ffffff\"><svg  class=\"tf_fa tf-far-map-marker\" xmlns:xlink=\"http:\/\/www.w3.org\/1999\/xlink\" aria-hidden=\"true\"><use href=\"#tf-far-map-marker\" xlink:href=\"#tf-far-map-marker\"><\/use><\/svg><\/em>\n                                    <\/span>\n\n                \n            <\/span>\n                <\/div>\n    <div class=\"module-feature-content tf_textc\">\n                    <h3 class=\"module-feature-title\">\n                            Nossa sede                        <\/h3>\n                    <div class=\"tb_text_wrap\">\n            <p>Av. Pulista 1765 &#8211; Conj. 72<br \/>Bela Vista &#8211; S\u00e3o Paulo<\/p>        <\/div>\n    <\/div>\n<\/div>\n<!-- \/module feature -->\n        <\/div>\n                        <\/div>\n        <\/div>\n                        <div  data-anchor=\"reservation\" data-lazy=\"1\" class=\"module_row themify_builder_row tb_has_section tb_section-reservation tb_e788fd6 tf_w\">\n                        <div class=\"row_inner col_align_top tb_col_count_1 tf_box tf_rel\">\n                        <div  data-lazy=\"1\" class=\"module_column tb-column col-full tb_be417cd first\">\n                    <!-- module text -->\n<div  class=\"module module-text tb_8673ab5   \" data-lazy=\"1\">\n        <div  class=\"tb_text_wrap\">\n        <h2>Solicite informa\u00e7\u00f5es e contato<\/h2>\n<h3>Voc\u00ea tem toda a nossa aten\u00e7\u00e3o<\/h3>    <\/div>\n<\/div>\n<!-- \/module text -->        <div  data-lazy=\"1\" class=\"module_subrow themify_builder_sub_row tf_w col_align_top tb_col_count_3 tb_c9d6f5d\">\n                <div  data-lazy=\"1\" class=\"module_column sub_column col4-1 tb_8e05067 first\">\n                            <\/div>\n                    <div  data-lazy=\"1\" class=\"module_column sub_column col4-2 tb_66548eb\">\n                    <!-- module contact -->\n<div  id=\"tb_2e885eb\" class=\"module module-contact tb_2e885eb contact-style2 \" data-lazy=\"1\">\n    \n\t<form class=\"builder-contact\"\n\t\tid=\"tb_2e885eb-form\"\n\t\tmethod=\"post\"\n\t\tdata-post-id=\"69\"\n\t\tdata-element-id=\"2e885eb\"\n\t\tdata-orig-id=\"69\"\n\t>\n    <div class=\"contact-message\"><\/div>\n\t<input type=\"hidden\" id=\"bc_nonce\" name=\"bc_nonce\" value=\"09d673e35a\" \/><input type=\"hidden\" name=\"_wp_http_referer\" value=\"\/destinationwedding\/wp-json\/wp\/v2\/pages\/69\" \/>\t<div class=\"builder-contact-fields tf_rel\">\n\t\t    \t\t    <div class=\"builder-contact-field builder-contact-field-name builder-contact-text-field\">\n\t\t\t    <label class=\"control-label\" for=\"tb_2e885eb-contact-name\">\n\t\t\t\t\t\t\t\t\t\t<span class=\"tb-label-span\">Nome <\/span><span class=\"required\">*<\/span>\t\t\t\t<\/label>\n\t\t\t    <div class=\"control-input tf_rel\">\n\t\t\t\t    \t\t\t\t\t    <input type=\"text\" name=\"contact-name\" placeholder=\"\" id=\"tb_2e885eb-contact-name\" value=\"\" class=\"form-control\" required>\n\t\t\t\t    \t\t\t\t    \t\t\t    <\/div>\n\t\t<\/div>\n\t    \n\t\t    \t\t    <div class=\"builder-contact-field builder-contact-field-email builder-contact-text-field\">\n\t\t\t    <label class=\"control-label\" for=\"tb_2e885eb-contact-email\">\n\t\t\t\t\t\t\t\t\t\t<span class=\"tb-label-span\">Email <\/span><span class=\"required\">*<\/span>\t\t\t\t<\/label>\n\t\t\t    <div class=\"control-input tf_rel\">\n\t\t\t\t    \t\t\t\t\t    <input type=\"email\" name=\"contact-email\" placeholder=\"\" id=\"tb_2e885eb-contact-email\" value=\"\" class=\"form-control\" required>\n\t\t\t\t    \t\t\t\t    \t\t\t    <\/div>\n\t\t<\/div>\n\t    \n\t\t    \t\t    <div class=\"builder-contact-field builder-contact-field-subject builder-contact-text-field\">\n\t\t\t    <label class=\"control-label\" for=\"tb_2e885eb-contact-subject\">\n\t\t\t\t\t\t\t\t\t\t<span class=\"tb-label-span\">Assunto <\/span><span class=\"required\">*<\/span>\t\t\t\t<\/label>\n\t\t\t    <div class=\"control-input tf_rel\">\n\t\t\t\t    \t\t\t\t\t    <input type=\"text\" name=\"contact-subject\" placeholder=\"\" id=\"tb_2e885eb-contact-subject\" value=\"\" class=\"form-control\" required>\n\t\t\t\t    \t\t\t\t    \t\t\t    <\/div>\n\t\t<\/div>\n\t    \n\t\t    \t\t    <div class=\"builder-contact-field builder-contact-field-message builder-contact-textarea-field\">\n\t\t\t    <label class=\"control-label\" for=\"tb_2e885eb-contact-message\">\n\t\t\t\t\t\t\t\t\t\t<span class=\"tb-label-span\">Mensagem <\/span>\t\t\t\t<\/label>\n\t\t\t    <div class=\"control-input tf_rel\">\n\t\t\t\t    \t\t\t\t\t    <textarea name=\"contact-message\" placeholder=\"\" id=\"tb_2e885eb-contact-message\" class=\"form-control\"><\/textarea>\n\t\t\t\t    \t\t\t\t    \t\t\t    <\/div>\n\t\t<\/div>\n\t    \n\t\t    \t\t<div class=\"builder-contact-field builder-contact-field-sendcopy\">\n\t\t    <div class=\"control-label\">\n\t\t\t\t<div class=\"control-input tf_rel\">\n\t\t\t\t\t<label class=\"send-copy\">\n\t\t\t\t\t\t<input type=\"checkbox\" name=\"contact-sendcopy\" id=\"tb_2e885eb-sendcopy\" value=\"1\">\n\t\t\t\t\t\t<span>Envie-me uma c\u00f3pia<\/span>\n\t\t\t\t\t<\/label>\n\t\t\t\t<\/div>\n\t\t    <\/div>\n\t\t<\/div>\n\t    \t\t\n\t\t\n\t    \n\t    <div class=\"builder-contact-field builder-contact-field-send control-input tf_textl tf_clear tf_rel\">\n\t\t\t<button type=\"submit\" class=\"btn btn-primary\">\n\t\t\t\t<span class=\"tf_loader\"><\/span>\t\t\t\t<span class=\"tf_submit_icon\"><\/span> \n\t\t\t\tEnviar\t\t\t<\/button>\n\t    <\/div>\n\t<\/div>\n    <\/form>\n    <\/div>\n<!-- \/module contact -->\n        <\/div>\n                    <div  data-lazy=\"1\" class=\"module_column sub_column col4-1 tb_2c4a324 last\">\n                            <\/div>\n                    <\/div>\n                <\/div>\n                        <\/div>\n        <\/div>\n                        <div  data-css_id=\"5b6c190\" data-lazy=\"1\" class=\"module_row themify_builder_row fullwidth tb_5b6c190 tf_w\">\n                        <div class=\"row_inner col_align_top tb_col_count_1 tf_box tf_rel\">\n                        <div  data-lazy=\"1\" class=\"module_column tb-column col-full tb_75fa94f first\">\n                    <!-- module maps pro -->\n<div  id=\"tb_386eabe\" class=\"module module-maps-pro tb_386eabe  tf_lazy\" data-zoom=\"17\" data-type=\"ROADMAP\" data-address=\"Av. Paulista 1765, S\u00e3o Paulo, Brasil\" data-scrollwheel=\"\" data-draggable=\"enable\" data-disable_map_ui=\"\" data-polyline=\"\" data-geodesic=\"1\" data-polylineStroke=\"2\" data-polylineColor=\"#ff0000_1\" data-trigger=\"\" data-mapid=\"\" data-style_map=\"routexl\" data-legacymarkers=\"\" data-lazy=\"1\">\n\t\n\t\t\t<div class=\"maps-pro-canvas-container\">\n\t\t\t<div class=\"maps-pro-canvas\" style=\"width:100%;height:600px\"><\/div>\n\t\t<\/div>\n\t\t\t\t\t<template>\n\t\t\t\t\t\t\t\t\t<div data-address=\"-23.566565,-46.6496029\" data-image=\"http:\/\/zaffiroeventos.com.br\/destinationwedding\/wp-content\/uploads\/2021\/03\/Pin-WEA-SEDE-72.png\">\n\t\t\t\t\t\tSede Wedding & Anivers\u00e1rios\t\t\t\t\t<\/div>\n\t\t\t\t\t\t\t<\/template>\n\t\t\t\t\n\t<\/div>\n<!-- \/module maps pro -->        <\/div>\n                        <\/div>\n        <\/div>\n        <\/div>\n<!--\/themify_builder_content-->","protected":false},"excerpt":{"rendered":"<p>Wedding &amp; Anivers\u00e1rios Seja um casamento ou um anivers\u00e1rio, voc\u00ea est\u00e1 no lugar certo! Quando ser\u00e1 sua data mais importante? W&amp;A Wedding &amp; Anivers\u00e1rios \u00e9 uma atividade que nasceu j\u00e1 h\u00e1 algum tempo e que agora vai ser focalizada no Brasil para os brasileiros! Elopement &#8211; Mini Wedding &#8211; Wedding Trabalhamos para fazer um servi\u00e7o [&hellip;]<\/p>\n","protected":false},"author":1,"featured_media":0,"parent":0,"menu_order":0,"comment_status":"closed","ping_status":"closed","template":"","meta":{"_seopress_robots_primary_cat":"","_seopress_titles_title":"","_seopress_titles_desc":"","_seopress_robots_index":"","iawp_total_views":16,"_joinchat":[],"footnotes":""},"class_list":["post-69","page","type-page","status-publish","hentry","has-post-title","has-post-date","has-post-category","has-post-tag","has-post-comment","has-post-author",""],"_links":{"self":[{"href":"https:\/\/zaffiroeventos.com.br\/destinationwedding\/wp-json\/wp\/v2\/pages\/69","targetHints":{"allow":["GET"]}}],"collection":[{"href":"https:\/\/zaffiroeventos.com.br\/destinationwedding\/wp-json\/wp\/v2\/pages"}],"about":[{"href":"https:\/\/zaffiroeventos.com.br\/destinationwedding\/wp-json\/wp\/v2\/types\/page"}],"author":[{"embeddable":true,"href":"https:\/\/zaffiroeventos.com.br\/destinationwedding\/wp-json\/wp\/v2\/users\/1"}],"replies":[{"embeddable":true,"href":"https:\/\/zaffiroeventos.com.br\/destinationwedding\/wp-json\/wp\/v2\/comments?post=69"}],"version-history":[{"count":25,"href":"https:\/\/zaffiroeventos.com.br\/destinationwedding\/wp-json\/wp\/v2\/pages\/69\/revisions"}],"predecessor-version":[{"id":7432,"href":"https:\/\/zaffiroeventos.com.br\/destinationwedding\/wp-json\/wp\/v2\/pages\/69\/revisions\/7432"}],"wp:attachment":[{"href":"https:\/\/zaffiroeventos.com.br\/destinationwedding\/wp-json\/wp\/v2\/media?parent=69"}],"curies":[{"name":"wp","href":"https:\/\/api.w.org\/{rel}","templated":true}]}}